{"id":13515,"date":"2023-12-02T18:39:03","date_gmt":"2023-12-02T17:39:03","guid":{"rendered":"https:\/\/hfswitzerland.ch\/note-legali-del-sito\/"},"modified":"2023-12-02T19:45:25","modified_gmt":"2023-12-02T18:45:25","slug":"mentions-legales-du-site","status":"publish","type":"page","link":"https:\/\/hfswitzerland.ch\/fr\/mentions-legales-du-site\/","title":{"rendered":"MENTIONS L\u00c9GALES DU SITE"},"content":{"rendered":"\t\t<div data-elementor-type=\"wp-page\" data-elementor-id=\"13515\" class=\"elementor elementor-13515 elementor-13500\" data-elementor-post-type=\"page\">\n\t\t\t\t<div class=\"elementor-element elementor-element-77f39b8d e-flex e-con-boxed e-con e-parent\" data-id=\"77f39b8d\" data-element_type=\"container\" data-e-type=\"container\" data-settings=\"{&quot;background_background&quot;:&quot;classic&quot;}\">\n\t\t\t\t\t<div class=\"e-con-inner\">\n\t\t\t\t<div class=\"elementor-element elementor-element-21df5f4d elementor-widget elementor-widget-heading\" data-id=\"21df5f4d\" data-element_type=\"widget\" data-e-type=\"widget\" data-widget_type=\"heading.default\">\n\t\t\t\t<div class=\"elementor-widget-container\">\n\t\t\t\t\t<h2 class=\"elementor-heading-title elementor-size-default\">MENTIONS L\u00c9GALES DU SITE<\/h2>\t\t\t\t<\/div>\n\t\t\t\t<\/div>\n\t\t\t\t\t<\/div>\n\t\t\t\t<\/div>\n\t\t<div class=\"elementor-element elementor-element-4a733c1 e-flex e-con-boxed e-con e-parent\" data-id=\"4a733c1\" data-element_type=\"container\" data-e-type=\"container\">\n\t\t\t\t\t<div class=\"e-con-inner\">\n\t\t\t\t<div class=\"elementor-element elementor-element-c969b16 elementor-widget elementor-widget-text-editor\" data-id=\"c969b16\" data-element_type=\"widget\" data-e-type=\"widget\" data-widget_type=\"text-editor.default\">\n\t\t\t\t<div class=\"elementor-widget-container\">\n\t\t\t\t\t\t\t\t\t<p>Hannover Fairs International GmbH (associ\u00e9 unique)<br \/>Messegel\u00e4nde, 30521 Hanovre (Allemagne)<br \/>N. TVA : DE811316518<\/p><p>Enregistr\u00e9 au tribunal de Hanovre (Amtsgericht Hannover) N. d\u2019Enregistrement HRB 1975<br \/>Capital social \u20ac 260 000,00 (enti\u00e8rement vers\u00e9)<\/p><p>Avec un bureau en Suisse<\/p><p>02 70633292<br \/>Hannover Fairs International GmbH est membre du groupe Deutsche Messe AG.<\/p>\t\t\t\t\t\t\t\t<\/div>\n\t\t\t\t<\/div>\n\t\t\t\t\t<\/div>\n\t\t\t\t<\/div>\n\t\t\t\t<\/div>\n\t\t","protected":false},"excerpt":{"rendered":"<p>Hannover Fairs International GmbH (associ\u00e9 unique)Messegel\u00e4nde, 30521 Hanovre (Allemagne)N. TVA : DE811316518 Enregistr\u00e9 au tribunal de Hanovre (Amtsgericht Hannover) N. d\u2019Enregistrement HRB 1975Capital social \u20ac 260 000,00 (enti\u00e8rement vers\u00e9) Avec un bureau en Suisse 02 70633292Hannover Fairs International GmbH est membre du groupe Deutsche Messe AG.<\/p>\n","protected":false},"author":1,"featured_media":0,"parent":0,"menu_order":0,"comment_status":"closed","ping_status":"closed","template":"","meta":{"_acf_changed":false,"footnotes":""},"class_list":["post-13515","page","type-page","status-publish","hentry"],"acf":[],"yoast_head":"<!-- This site is optimized with the Yoast SEO plugin v27.3 - https:\/\/yoast.com\/product\/yoast-seo-wordpress\/ -->\n<title>MENTIONS L\u00c9GALES DU SITE - Hannover Fairs International<\/title>\n<meta name=\"robots\" content=\"index, follow, max-snippet:-1, max-image-preview:large, max-video-preview:-1\" \/>\n<link rel=\"canonical\" href=\"https:\/\/hfswitzerland.ch\/fr\/mentions-legales-du-site\/\" \/>\n<meta property=\"og:locale\" content=\"fr_FR\" \/>\n<meta property=\"og:type\" content=\"article\" \/>\n<meta property=\"og:title\" content=\"MENTIONS L\u00c9GALES DU SITE - Hannover Fairs International\" \/>\n<meta property=\"og:description\" content=\"Hannover Fairs International GmbH (associ\u00e9 unique)Messegel\u00e4nde, 30521 Hanovre (Allemagne)N. TVA : DE811316518 Enregistr\u00e9 au tribunal de Hanovre (Amtsgericht Hannover) N. d\u2019Enregistrement HRB 1975Capital social \u20ac 260 000,00 (enti\u00e8rement vers\u00e9) Avec un bureau en Suisse 02 70633292Hannover Fairs International GmbH est membre du groupe Deutsche Messe AG.\" \/>\n<meta property=\"og:url\" content=\"https:\/\/hfswitzerland.ch\/fr\/mentions-legales-du-site\/\" \/>\n<meta property=\"og:site_name\" content=\"Hf Switzerland\" \/>\n<meta property=\"article:modified_time\" content=\"2023-12-02T18:45:25+00:00\" \/>\n<meta name=\"twitter:card\" content=\"summary_large_image\" \/>\n<meta name=\"twitter:label1\" content=\"Dur\u00e9e de lecture estim\u00e9e\" \/>\n\t<meta name=\"twitter:data1\" content=\"1 minute\" \/>\n<script type=\"application\/ld+json\" class=\"yoast-schema-graph\">{\"@context\":\"https:\\\/\\\/schema.org\",\"@graph\":[{\"@type\":\"WebPage\",\"@id\":\"https:\\\/\\\/hfswitzerland.ch\\\/fr\\\/mentions-legales-du-site\\\/\",\"url\":\"https:\\\/\\\/hfswitzerland.ch\\\/fr\\\/mentions-legales-du-site\\\/\",\"name\":\"MENTIONS L\u00c9GALES DU SITE - Hannover Fairs International\",\"isPartOf\":{\"@id\":\"https:\\\/\\\/hfswitzerland.ch\\\/fr\\\/#website\"},\"datePublished\":\"2023-12-02T17:39:03+00:00\",\"dateModified\":\"2023-12-02T18:45:25+00:00\",\"breadcrumb\":{\"@id\":\"https:\\\/\\\/hfswitzerland.ch\\\/fr\\\/mentions-legales-du-site\\\/#breadcrumb\"},\"inLanguage\":\"fr-FR\",\"potentialAction\":[{\"@type\":\"ReadAction\",\"target\":[\"https:\\\/\\\/hfswitzerland.ch\\\/fr\\\/mentions-legales-du-site\\\/\"]}]},{\"@type\":\"BreadcrumbList\",\"@id\":\"https:\\\/\\\/hfswitzerland.ch\\\/fr\\\/mentions-legales-du-site\\\/#breadcrumb\",\"itemListElement\":[{\"@type\":\"ListItem\",\"position\":1,\"name\":\"Home\",\"item\":\"https:\\\/\\\/hfswitzerland.ch\\\/fr\\\/\"},{\"@type\":\"ListItem\",\"position\":2,\"name\":\"MENTIONS L\u00c9GALES DU SITE\"}]},{\"@type\":\"WebSite\",\"@id\":\"https:\\\/\\\/hfswitzerland.ch\\\/fr\\\/#website\",\"url\":\"https:\\\/\\\/hfswitzerland.ch\\\/fr\\\/\",\"name\":\"Hf Switzerland\",\"description\":\"Global Fairs. Global Business\",\"publisher\":{\"@id\":\"https:\\\/\\\/hfswitzerland.ch\\\/fr\\\/#organization\"},\"potentialAction\":[{\"@type\":\"SearchAction\",\"target\":{\"@type\":\"EntryPoint\",\"urlTemplate\":\"https:\\\/\\\/hfswitzerland.ch\\\/fr\\\/?s={search_term_string}\"},\"query-input\":{\"@type\":\"PropertyValueSpecification\",\"valueRequired\":true,\"valueName\":\"search_term_string\"}}],\"inLanguage\":\"fr-FR\"},{\"@type\":\"Organization\",\"@id\":\"https:\\\/\\\/hfswitzerland.ch\\\/fr\\\/#organization\",\"name\":\"Hf Switzerland\",\"url\":\"https:\\\/\\\/hfswitzerland.ch\\\/fr\\\/\",\"logo\":{\"@type\":\"ImageObject\",\"inLanguage\":\"fr-FR\",\"@id\":\"https:\\\/\\\/hfswitzerland.ch\\\/fr\\\/#\\\/schema\\\/logo\\\/image\\\/\",\"url\":\"https:\\\/\\\/hfswitzerland.ch\\\/wp-content\\\/uploads\\\/2023\\\/09\\\/logo-dark-deutschemesse.svg\",\"contentUrl\":\"https:\\\/\\\/hfswitzerland.ch\\\/wp-content\\\/uploads\\\/2023\\\/09\\\/logo-dark-deutschemesse.svg\",\"width\":72,\"height\":72,\"caption\":\"Hf Switzerland\"},\"image\":{\"@id\":\"https:\\\/\\\/hfswitzerland.ch\\\/fr\\\/#\\\/schema\\\/logo\\\/image\\\/\"}}]}<\/script>\n<!-- \/ Yoast SEO plugin. -->","yoast_head_json":{"title":"MENTIONS L\u00c9GALES DU SITE - Hannover Fairs International","robots":{"index":"index","follow":"follow","max-snippet":"max-snippet:-1","max-image-preview":"max-image-preview:large","max-video-preview":"max-video-preview:-1"},"canonical":"https:\/\/hfswitzerland.ch\/fr\/mentions-legales-du-site\/","og_locale":"fr_FR","og_type":"article","og_title":"MENTIONS L\u00c9GALES DU SITE - Hannover Fairs International","og_description":"Hannover Fairs International GmbH (associ\u00e9 unique)Messegel\u00e4nde, 30521 Hanovre (Allemagne)N. TVA : DE811316518 Enregistr\u00e9 au tribunal de Hanovre (Amtsgericht Hannover) N. d\u2019Enregistrement HRB 1975Capital social \u20ac 260 000,00 (enti\u00e8rement vers\u00e9) Avec un bureau en Suisse 02 70633292Hannover Fairs International GmbH est membre du groupe Deutsche Messe AG.","og_url":"https:\/\/hfswitzerland.ch\/fr\/mentions-legales-du-site\/","og_site_name":"Hf Switzerland","article_modified_time":"2023-12-02T18:45:25+00:00","twitter_card":"summary_large_image","twitter_misc":{"Dur\u00e9e de lecture estim\u00e9e":"1 minute"},"schema":{"@context":"https:\/\/schema.org","@graph":[{"@type":"WebPage","@id":"https:\/\/hfswitzerland.ch\/fr\/mentions-legales-du-site\/","url":"https:\/\/hfswitzerland.ch\/fr\/mentions-legales-du-site\/","name":"MENTIONS L\u00c9GALES DU SITE - Hannover Fairs International","isPartOf":{"@id":"https:\/\/hfswitzerland.ch\/fr\/#website"},"datePublished":"2023-12-02T17:39:03+00:00","dateModified":"2023-12-02T18:45:25+00:00","breadcrumb":{"@id":"https:\/\/hfswitzerland.ch\/fr\/mentions-legales-du-site\/#breadcrumb"},"inLanguage":"fr-FR","potentialAction":[{"@type":"ReadAction","target":["https:\/\/hfswitzerland.ch\/fr\/mentions-legales-du-site\/"]}]},{"@type":"BreadcrumbList","@id":"https:\/\/hfswitzerland.ch\/fr\/mentions-legales-du-site\/#breadcrumb","itemListElement":[{"@type":"ListItem","position":1,"name":"Home","item":"https:\/\/hfswitzerland.ch\/fr\/"},{"@type":"ListItem","position":2,"name":"MENTIONS L\u00c9GALES DU SITE"}]},{"@type":"WebSite","@id":"https:\/\/hfswitzerland.ch\/fr\/#website","url":"https:\/\/hfswitzerland.ch\/fr\/","name":"Hf Switzerland","description":"Global Fairs. Global Business","publisher":{"@id":"https:\/\/hfswitzerland.ch\/fr\/#organization"},"potentialAction":[{"@type":"SearchAction","target":{"@type":"EntryPoint","urlTemplate":"https:\/\/hfswitzerland.ch\/fr\/?s={search_term_string}"},"query-input":{"@type":"PropertyValueSpecification","valueRequired":true,"valueName":"search_term_string"}}],"inLanguage":"fr-FR"},{"@type":"Organization","@id":"https:\/\/hfswitzerland.ch\/fr\/#organization","name":"Hf Switzerland","url":"https:\/\/hfswitzerland.ch\/fr\/","logo":{"@type":"ImageObject","inLanguage":"fr-FR","@id":"https:\/\/hfswitzerland.ch\/fr\/#\/schema\/logo\/image\/","url":"https:\/\/hfswitzerland.ch\/wp-content\/uploads\/2023\/09\/logo-dark-deutschemesse.svg","contentUrl":"https:\/\/hfswitzerland.ch\/wp-content\/uploads\/2023\/09\/logo-dark-deutschemesse.svg","width":72,"height":72,"caption":"Hf Switzerland"},"image":{"@id":"https:\/\/hfswitzerland.ch\/fr\/#\/schema\/logo\/image\/"}}]}},"_links":{"self":[{"href":"https:\/\/hfswitzerland.ch\/fr\/wp-json\/wp\/v2\/pages\/13515","targetHints":{"allow":["GET"]}}],"collection":[{"href":"https:\/\/hfswitzerland.ch\/fr\/wp-json\/wp\/v2\/pages"}],"about":[{"href":"https:\/\/hfswitzerland.ch\/fr\/wp-json\/wp\/v2\/types\/page"}],"author":[{"embeddable":true,"href":"https:\/\/hfswitzerland.ch\/fr\/wp-json\/wp\/v2\/users\/1"}],"replies":[{"embeddable":true,"href":"https:\/\/hfswitzerland.ch\/fr\/wp-json\/wp\/v2\/comments?post=13515"}],"version-history":[{"count":0,"href":"https:\/\/hfswitzerland.ch\/fr\/wp-json\/wp\/v2\/pages\/13515\/revisions"}],"wp:attachment":[{"href":"https:\/\/hfswitzerland.ch\/fr\/wp-json\/wp\/v2\/media?parent=13515"}],"curies":[{"name":"wp","href":"https:\/\/api.w.org\/{rel}","templated":true}]}}