{"id":12977,"date":"2023-10-16T11:55:52","date_gmt":"2023-10-16T09:55:52","guid":{"rendered":"https:\/\/hfswitzerland.ch\/fiere-ed-eventi-passati\/"},"modified":"2023-12-19T16:53:02","modified_gmt":"2023-12-19T15:53:02","slug":"evenements-passes","status":"publish","type":"page","link":"https:\/\/hfswitzerland.ch\/fr\/evenements-passes\/","title":{"rendered":"\u00c9v\u00e9nements pass\u00e9s"},"content":{"rendered":"\t\t<div data-elementor-type=\"wp-page\" data-elementor-id=\"12977\" class=\"elementor elementor-12977 elementor-10389\" data-elementor-post-type=\"page\">\n\t\t\t\t<div class=\"elementor-element elementor-element-b5de196 e-flex e-con-boxed e-con e-parent\" data-id=\"b5de196\" data-element_type=\"container\" data-e-type=\"container\" data-settings=\"{&quot;background_background&quot;:&quot;classic&quot;}\">\n\t\t\t\t\t<div class=\"e-con-inner\">\n\t\t\t\t<div class=\"elementor-element elementor-element-4208744f elementor-widget elementor-widget-heading\" data-id=\"4208744f\" data-element_type=\"widget\" data-e-type=\"widget\" data-widget_type=\"heading.default\">\n\t\t\t\t<div class=\"elementor-widget-container\">\n\t\t\t\t\t<h2 class=\"elementor-heading-title elementor-size-default\">\u00c9v\u00e9nements pass\u00e9s<\/h2>\t\t\t\t<\/div>\n\t\t\t\t<\/div>\n\t\t\t\t\t<\/div>\n\t\t\t\t<\/div>\n\t\t<div class=\"elementor-element elementor-element-449165c e-flex e-con-boxed e-con e-parent\" data-id=\"449165c\" data-element_type=\"container\" data-e-type=\"container\">\n\t\t\t\t\t<div class=\"e-con-inner\">\n\t\t\t\t<div class=\"elementor-element elementor-element-78ef241 elementor-widget elementor-widget-shortcode\" data-id=\"78ef241\" data-element_type=\"widget\" data-e-type=\"widget\" data-widget_type=\"shortcode.default\">\n\t\t\t\t<div class=\"elementor-widget-container\">\n\t\t\t\t\t\t\t<div class=\"elementor-shortcode\">\t\t\t<div class=\"past_event_listings\">\n\t\t\t\t<div class=\"wpem-main wpem-event-listings-header\">\n    <div class=\"wpem-row\">\n        <div class=\"wpem-col wpem-col-12 wpem-col-sm-6 wpem-col-md-6 wpem-col-lg-8\">\n            <div class=\"wpem-event-listing-header-title\">\n                                    <h2 class=\"wpem-heading-text\">\u00c9v\u00e8nements pass\u00e9s<\/h2>\n                            <\/div>\n        <\/div>\n        <div class=\"wpem-col wpem-col-12 wpem-col-sm-6 wpem-col-md-6 wpem-col-lg-4\">\n            <div class=\"wpem-event-layout-action-wrapper\">\n                <div class=\"wpem-event-layout-action\">\n                                    <\/div>\n            <\/div>\n        <\/div>\n    <\/div>\n<\/div>\n\n<!-- Event listing view -->\n\n<div class=\"event_listings_main\">\n    <div id=\"event-listing-view\" class=\"wpem-main wpem-event-listings event_listings wpem-row wpem-event-listing-box-view\" data-id=\"box\">\n<div class=\"wpem-event-box-col wpem-col wpem-col-12 wpem-col-md-6 wpem-col-lg-4\">\n    <div class=\"wpem-event-layout-wrapper\">\n        <div class=\"event_listing event-type-emirats-arabes-unis post-14883 type-event_listing status-expired has-post-thumbnail hentry event_listing_category-revetements-de-sol event_listing_type-emirats-arabes-unis\">\n\n            <a href=\"https:\/\/hfswitzerland.ch\/fr\/evenement\/domotex-middle-east\/\" class=\"wpem-event-action-url event-style-color emirats-arabes-unis\">\n\n                <div class=\"wpem-event-banner\">\n                    <div class=\"wpem-event-banner-img\" style=\"background-image: url('https:\/\/hfswitzerland.ch\/wp-content\/uploads\/2023\/12\/domotex-middle-east_3_2_desktop_1146_764.jpg')\">\n                        \n                        <div class=\"wpem-event-date\">\n                            <div class=\"wpem-event-date-type\">\n                                                                    <div class=\"wpem-from-date\">\n                                        <div class=\"wpem-date\">22<\/div>\n                                        <div class=\"wpem-month\">Avr<\/div>\n                                    <\/div>\n                                                            <\/div>\n                        <\/div>\n\n                    <\/div>\n                <\/div>\n\n                <div class=\"wpem-event-infomation\">\n\n                    <div class=\"wpem-event-date\">\n                        <div class=\"wpem-event-date-type\">\n\n                                                            <div class=\"wpem-from-date\">\n                                    <div class=\"wpem-date\">22<\/div>\n                                    <div class=\"wpem-month\">Avr<\/div>\n                                <\/div>\n                            \n                                                            <div class=\"wpem-to-date\">\n                                    <div class=\"wpem-date-separator\">-<\/div>\n                                    <div class=\"wpem-date\">24<\/div>\n                                    <div class=\"wpem-month\">Avr<\/div>\n                                <\/div>\n                            \n                        <\/div>\n                    <\/div>\n\n                    <div class=\"wpem-event-details\">\n                        <div class=\"wpem-event-title\">\n                            <h4 class=\"wpem-heading-text\">DOMOTEX Middle East<\/h4>\n                        <\/div>\n\n                        <div class=\"wpem-event-date-time\">\n                            <span class=\"wpem-event-date-time-text card_date\">\n                                22-24 avril 2025                            <\/span>\n                        <\/div>\n\n                        <div class=\"wpem-event-text card_text\">\n                            DOMOTEX Middle East est l&rsquo;\u00e9v\u00e9nement phare de l&rsquo;industrie des tapis et rev\u00eatements de sol au Moyen-Orient. La foire r\u00e9unira les leaders du secteur au Dubai World Trade Center (DWTC) \u00e0 Duba\u00ef du 23 au 25 avril 2024. Des tapis orientaux luxueux et magnifiques, des parquets en bois massif \u00e9l\u00e9gants ou des rev\u00eatements de sol innovants [&hellip;]                        <\/div>\n                    <\/div>\n\n                <\/div>\n\n            <\/a>\n        <\/div>\n    <\/div>\n<\/div><\/div>\n<\/div>\t\t\t<\/div>\n\t\t<\/div>\n\t\t\t\t\t\t<\/div>\n\t\t\t\t<\/div>\n\t\t\t\t\t<\/div>\n\t\t\t\t<\/div>\n\t\t\t\t<\/div>\n\t\t","protected":false},"excerpt":{"rendered":"","protected":false},"author":1,"featured_media":11753,"parent":0,"menu_order":0,"comment_status":"closed","ping_status":"closed","template":"","meta":{"_acf_changed":false,"footnotes":""},"class_list":["post-12977","page","type-page","status-publish","has-post-thumbnail","hentry"],"acf":[],"yoast_head":"<!-- This site is optimized with the Yoast SEO plugin v27.3 - https:\/\/yoast.com\/product\/yoast-seo-wordpress\/ -->\n<title>Les expositions et les \u00e9v\u00e9nements pass\u00e9s | Hannover Fairs International<\/title>\n<meta name=\"description\" content=\"D\u00e9couvrez tous les salons pass\u00e9s de Hannover Fairs international\" \/>\n<meta name=\"robots\" content=\"index, follow, max-snippet:-1, max-image-preview:large, max-video-preview:-1\" \/>\n<link rel=\"canonical\" href=\"https:\/\/hfswitzerland.ch\/fr\/evenements-passes\/\" \/>\n<meta property=\"og:locale\" content=\"fr_FR\" \/>\n<meta property=\"og:type\" content=\"article\" \/>\n<meta property=\"og:title\" content=\"Les expositions et les \u00e9v\u00e9nements pass\u00e9s | Hannover Fairs International\" \/>\n<meta property=\"og:description\" content=\"D\u00e9couvrez tous les salons pass\u00e9s de Hannover Fairs international\" \/>\n<meta property=\"og:url\" content=\"https:\/\/hfswitzerland.ch\/fr\/evenements-passes\/\" \/>\n<meta property=\"og:site_name\" content=\"Hf Switzerland\" \/>\n<meta property=\"article:modified_time\" content=\"2023-12-19T15:53:02+00:00\" \/>\n<meta property=\"og:image\" content=\"https:\/\/hfswitzerland.ch\/wp-content\/uploads\/2023\/10\/placeholder-1.png\" \/>\n\t<meta property=\"og:image:width\" content=\"1200\" \/>\n\t<meta property=\"og:image:height\" content=\"800\" \/>\n\t<meta property=\"og:image:type\" content=\"image\/png\" \/>\n<meta name=\"twitter:card\" content=\"summary_large_image\" \/>\n<meta name=\"twitter:label1\" content=\"Dur\u00e9e de lecture estim\u00e9e\" \/>\n\t<meta name=\"twitter:data1\" content=\"1 minute\" \/>\n<script type=\"application\/ld+json\" class=\"yoast-schema-graph\">{\"@context\":\"https:\\\/\\\/schema.org\",\"@graph\":[{\"@type\":\"WebPage\",\"@id\":\"https:\\\/\\\/hfswitzerland.ch\\\/fr\\\/evenements-passes\\\/\",\"url\":\"https:\\\/\\\/hfswitzerland.ch\\\/fr\\\/evenements-passes\\\/\",\"name\":\"Les expositions et les \u00e9v\u00e9nements pass\u00e9s | Hannover Fairs International\",\"isPartOf\":{\"@id\":\"https:\\\/\\\/hfswitzerland.ch\\\/fr\\\/#website\"},\"primaryImageOfPage\":{\"@id\":\"https:\\\/\\\/hfswitzerland.ch\\\/fr\\\/evenements-passes\\\/#primaryimage\"},\"image\":{\"@id\":\"https:\\\/\\\/hfswitzerland.ch\\\/fr\\\/evenements-passes\\\/#primaryimage\"},\"thumbnailUrl\":\"https:\\\/\\\/hfswitzerland.ch\\\/wp-content\\\/uploads\\\/2023\\\/10\\\/placeholder-1.png\",\"datePublished\":\"2023-10-16T09:55:52+00:00\",\"dateModified\":\"2023-12-19T15:53:02+00:00\",\"description\":\"D\u00e9couvrez tous les salons pass\u00e9s de Hannover Fairs international\",\"breadcrumb\":{\"@id\":\"https:\\\/\\\/hfswitzerland.ch\\\/fr\\\/evenements-passes\\\/#breadcrumb\"},\"inLanguage\":\"fr-FR\",\"potentialAction\":[{\"@type\":\"ReadAction\",\"target\":[\"https:\\\/\\\/hfswitzerland.ch\\\/fr\\\/evenements-passes\\\/\"]}]},{\"@type\":\"ImageObject\",\"inLanguage\":\"fr-FR\",\"@id\":\"https:\\\/\\\/hfswitzerland.ch\\\/fr\\\/evenements-passes\\\/#primaryimage\",\"url\":\"https:\\\/\\\/hfswitzerland.ch\\\/wp-content\\\/uploads\\\/2023\\\/10\\\/placeholder-1.png\",\"contentUrl\":\"https:\\\/\\\/hfswitzerland.ch\\\/wp-content\\\/uploads\\\/2023\\\/10\\\/placeholder-1.png\",\"width\":1200,\"height\":800},{\"@type\":\"BreadcrumbList\",\"@id\":\"https:\\\/\\\/hfswitzerland.ch\\\/fr\\\/evenements-passes\\\/#breadcrumb\",\"itemListElement\":[{\"@type\":\"ListItem\",\"position\":1,\"name\":\"Home\",\"item\":\"https:\\\/\\\/hfswitzerland.ch\\\/fr\\\/\"},{\"@type\":\"ListItem\",\"position\":2,\"name\":\"\u00c9v\u00e9nements pass\u00e9s\"}]},{\"@type\":\"WebSite\",\"@id\":\"https:\\\/\\\/hfswitzerland.ch\\\/fr\\\/#website\",\"url\":\"https:\\\/\\\/hfswitzerland.ch\\\/fr\\\/\",\"name\":\"Hf Switzerland\",\"description\":\"Global Fairs. Global Business\",\"publisher\":{\"@id\":\"https:\\\/\\\/hfswitzerland.ch\\\/fr\\\/#organization\"},\"potentialAction\":[{\"@type\":\"SearchAction\",\"target\":{\"@type\":\"EntryPoint\",\"urlTemplate\":\"https:\\\/\\\/hfswitzerland.ch\\\/fr\\\/?s={search_term_string}\"},\"query-input\":{\"@type\":\"PropertyValueSpecification\",\"valueRequired\":true,\"valueName\":\"search_term_string\"}}],\"inLanguage\":\"fr-FR\"},{\"@type\":\"Organization\",\"@id\":\"https:\\\/\\\/hfswitzerland.ch\\\/fr\\\/#organization\",\"name\":\"Hf Switzerland\",\"url\":\"https:\\\/\\\/hfswitzerland.ch\\\/fr\\\/\",\"logo\":{\"@type\":\"ImageObject\",\"inLanguage\":\"fr-FR\",\"@id\":\"https:\\\/\\\/hfswitzerland.ch\\\/fr\\\/#\\\/schema\\\/logo\\\/image\\\/\",\"url\":\"https:\\\/\\\/hfswitzerland.ch\\\/wp-content\\\/uploads\\\/2023\\\/09\\\/logo-dark-deutschemesse.svg\",\"contentUrl\":\"https:\\\/\\\/hfswitzerland.ch\\\/wp-content\\\/uploads\\\/2023\\\/09\\\/logo-dark-deutschemesse.svg\",\"width\":72,\"height\":72,\"caption\":\"Hf Switzerland\"},\"image\":{\"@id\":\"https:\\\/\\\/hfswitzerland.ch\\\/fr\\\/#\\\/schema\\\/logo\\\/image\\\/\"}}]}<\/script>\n<!-- \/ Yoast SEO plugin. -->","yoast_head_json":{"title":"Les expositions et les \u00e9v\u00e9nements pass\u00e9s | Hannover Fairs International","description":"D\u00e9couvrez tous les salons pass\u00e9s de Hannover Fairs international","robots":{"index":"index","follow":"follow","max-snippet":"max-snippet:-1","max-image-preview":"max-image-preview:large","max-video-preview":"max-video-preview:-1"},"canonical":"https:\/\/hfswitzerland.ch\/fr\/evenements-passes\/","og_locale":"fr_FR","og_type":"article","og_title":"Les expositions et les \u00e9v\u00e9nements pass\u00e9s | Hannover Fairs International","og_description":"D\u00e9couvrez tous les salons pass\u00e9s de Hannover Fairs international","og_url":"https:\/\/hfswitzerland.ch\/fr\/evenements-passes\/","og_site_name":"Hf Switzerland","article_modified_time":"2023-12-19T15:53:02+00:00","og_image":[{"width":1200,"height":800,"url":"https:\/\/hfswitzerland.ch\/wp-content\/uploads\/2023\/10\/placeholder-1.png","type":"image\/png"}],"twitter_card":"summary_large_image","twitter_misc":{"Dur\u00e9e de lecture estim\u00e9e":"1 minute"},"schema":{"@context":"https:\/\/schema.org","@graph":[{"@type":"WebPage","@id":"https:\/\/hfswitzerland.ch\/fr\/evenements-passes\/","url":"https:\/\/hfswitzerland.ch\/fr\/evenements-passes\/","name":"Les expositions et les \u00e9v\u00e9nements pass\u00e9s | Hannover Fairs International","isPartOf":{"@id":"https:\/\/hfswitzerland.ch\/fr\/#website"},"primaryImageOfPage":{"@id":"https:\/\/hfswitzerland.ch\/fr\/evenements-passes\/#primaryimage"},"image":{"@id":"https:\/\/hfswitzerland.ch\/fr\/evenements-passes\/#primaryimage"},"thumbnailUrl":"https:\/\/hfswitzerland.ch\/wp-content\/uploads\/2023\/10\/placeholder-1.png","datePublished":"2023-10-16T09:55:52+00:00","dateModified":"2023-12-19T15:53:02+00:00","description":"D\u00e9couvrez tous les salons pass\u00e9s de Hannover Fairs international","breadcrumb":{"@id":"https:\/\/hfswitzerland.ch\/fr\/evenements-passes\/#breadcrumb"},"inLanguage":"fr-FR","potentialAction":[{"@type":"ReadAction","target":["https:\/\/hfswitzerland.ch\/fr\/evenements-passes\/"]}]},{"@type":"ImageObject","inLanguage":"fr-FR","@id":"https:\/\/hfswitzerland.ch\/fr\/evenements-passes\/#primaryimage","url":"https:\/\/hfswitzerland.ch\/wp-content\/uploads\/2023\/10\/placeholder-1.png","contentUrl":"https:\/\/hfswitzerland.ch\/wp-content\/uploads\/2023\/10\/placeholder-1.png","width":1200,"height":800},{"@type":"BreadcrumbList","@id":"https:\/\/hfswitzerland.ch\/fr\/evenements-passes\/#breadcrumb","itemListElement":[{"@type":"ListItem","position":1,"name":"Home","item":"https:\/\/hfswitzerland.ch\/fr\/"},{"@type":"ListItem","position":2,"name":"\u00c9v\u00e9nements pass\u00e9s"}]},{"@type":"WebSite","@id":"https:\/\/hfswitzerland.ch\/fr\/#website","url":"https:\/\/hfswitzerland.ch\/fr\/","name":"Hf Switzerland","description":"Global Fairs. Global Business","publisher":{"@id":"https:\/\/hfswitzerland.ch\/fr\/#organization"},"potentialAction":[{"@type":"SearchAction","target":{"@type":"EntryPoint","urlTemplate":"https:\/\/hfswitzerland.ch\/fr\/?s={search_term_string}"},"query-input":{"@type":"PropertyValueSpecification","valueRequired":true,"valueName":"search_term_string"}}],"inLanguage":"fr-FR"},{"@type":"Organization","@id":"https:\/\/hfswitzerland.ch\/fr\/#organization","name":"Hf Switzerland","url":"https:\/\/hfswitzerland.ch\/fr\/","logo":{"@type":"ImageObject","inLanguage":"fr-FR","@id":"https:\/\/hfswitzerland.ch\/fr\/#\/schema\/logo\/image\/","url":"https:\/\/hfswitzerland.ch\/wp-content\/uploads\/2023\/09\/logo-dark-deutschemesse.svg","contentUrl":"https:\/\/hfswitzerland.ch\/wp-content\/uploads\/2023\/09\/logo-dark-deutschemesse.svg","width":72,"height":72,"caption":"Hf Switzerland"},"image":{"@id":"https:\/\/hfswitzerland.ch\/fr\/#\/schema\/logo\/image\/"}}]}},"_links":{"self":[{"href":"https:\/\/hfswitzerland.ch\/fr\/wp-json\/wp\/v2\/pages\/12977","targetHints":{"allow":["GET"]}}],"collection":[{"href":"https:\/\/hfswitzerland.ch\/fr\/wp-json\/wp\/v2\/pages"}],"about":[{"href":"https:\/\/hfswitzerland.ch\/fr\/wp-json\/wp\/v2\/types\/page"}],"author":[{"embeddable":true,"href":"https:\/\/hfswitzerland.ch\/fr\/wp-json\/wp\/v2\/users\/1"}],"replies":[{"embeddable":true,"href":"https:\/\/hfswitzerland.ch\/fr\/wp-json\/wp\/v2\/comments?post=12977"}],"version-history":[{"count":0,"href":"https:\/\/hfswitzerland.ch\/fr\/wp-json\/wp\/v2\/pages\/12977\/revisions"}],"wp:featuredmedia":[{"embeddable":true,"href":"https:\/\/hfswitzerland.ch\/fr\/wp-json\/wp\/v2\/media\/11753"}],"wp:attachment":[{"href":"https:\/\/hfswitzerland.ch\/fr\/wp-json\/wp\/v2\/media?parent=12977"}],"curies":[{"name":"wp","href":"https:\/\/api.w.org\/{rel}","templated":true}]}}